{"id":53,"date":"2014-05-01T06:47:48","date_gmt":"2014-05-01T06:47:48","guid":{"rendered":"http:\/\/lawebpro.es\/virgen\/?page_id=53"},"modified":"2021-04-14T06:22:57","modified_gmt":"2021-04-14T06:22:57","slug":"contacto","status":"publish","type":"page","link":"https:\/\/www.clinicadentalruizbusquets.es\/es\/contacto\/","title":{"rendered":"Contacto"},"content":{"rendered":"<p><div class=\"fusion-fullwidth fullwidth-box fusion-builder-row-1 fusion-flex-container fusion-parallax-none hundred-percent-fullwidth non-hundred-percent-height-scrolling\" style=\"--awb-background-position:center top;--awb-border-radius-top-left:0px;--awb-border-radius-top-right:0px;--awb-border-radius-bottom-right:0px;--awb-border-radius-bottom-left:0px;--awb-padding-right:0px;--awb-padding-left:0px;--awb-background-color:#08223e;--awb-background-image:url(&quot;https:\/\/www.clinicadentalruizbusquets.es\/wp-content\/uploads\/2021\/03\/dental-equipment-placed-on-the-table-87CNFH6-scaled-e1617196915495.jpg&quot;);--awb-background-size:cover;--awb-flex-wrap:wrap;\" id=\"cita\" ><div class=\"fusion-builder-row fusion-row fusion-flex-align-items-stretch fusion-flex-content-wrap\" style=\"width:104% !important;max-width:104% !important;margin-left: calc(-4% \/ 2 );margin-right: calc(-4% \/ 2 );\"><div class=\"fusion-layout-column fusion_builder_column fusion-builder-column-0 fusion_builder_column_2_5 2_5 fusion-flex-column\" style=\"--awb-padding-top:15%;--awb-padding-right:15%;--awb-padding-bottom:15%;--awb-padding-left:15%;--awb-bg-color:rgba(255,255,255,0.93);--awb-bg-color-hover:rgba(255,255,255,0.93);--awb-bg-position:center center;--awb-bg-size:cover;--awb-width-large:40%;--awb-margin-top-large:0px;--awb-spacing-right-large:4.8%;--awb-margin-bottom-large:0px;--awb-spacing-left-large:4.8%;--awb-width-medium:100%;--awb-order-medium:0;--awb-spacing-right-medium:1.92%;--awb-spacing-left-medium:1.92%;--awb-width-small:100%;--awb-order-small:0;--awb-spacing-right-small:1.92%;--awb-spacing-left-small:1.92%;\"><div class=\"fusion-column-wrapper fusion-column-has-shadow fusion-flex-justify-content-flex-start fusion-content-layout-column\"><div class=\"fusion-title title fusion-title-1 fusion-sep-none fusion-title-text fusion-title-size-one\" style=\"--awb-text-color:#08223e;\"><h1 class=\"fusion-title-heading title-heading-left fusion-responsive-typography-calculated\" style=\"margin:0;--fontSize:40;line-height:1;\">Contacta con la Cl\u00ednica dental Ruiz-Busquets<\/h1><\/div><ul style=\"--awb-iconcolor:#08223e;--awb-line-height:23.8px;--awb-icon-width:23.8px;--awb-icon-height:23.8px;--awb-icon-margin:9.8px;--awb-content-margin:33.6px;\" class=\"fusion-checklist fusion-checklist-1 fusion-checklist-default type-icons\"><li class=\"fusion-li-item\" style=\"\"><span class=\"icon-wrapper circle-no\"><i class=\"fusion-li-icon fa-home fas\" aria-hidden=\"true\"><\/i><\/span><div class=\"fusion-li-item-content\">\n<p>C\/ Gran de Sant Andreu 190, Bajos, Local 2<br \/>\n08030, Barcelona<br \/>\n<a href=\"https:\/\/www.google.com\/maps\/place\/Cl%C3%ADnica+dental+Ruiz-Busquets\/@41.4331833,2.1887122,17z\/data=!4m5!3m4!1s0x0:0x3642278e226bcee3!8m2!3d41.4331833!4d2.189431\" target=\"_blank\" rel=\"noopener\">Ver ubicaci\u00f3n &gt;&gt;<\/a><\/p>\n<\/div><\/li><li class=\"fusion-li-item\" style=\"\"><span class=\"icon-wrapper circle-no\"><i class=\"fusion-li-icon fa-phone-alt fas\" aria-hidden=\"true\"><\/i><\/span><div class=\"fusion-li-item-content\"><a href=\"tel:933600891\">933 600 891<\/a><\/div><\/li><li class=\"fusion-li-item\" style=\"\"><span class=\"icon-wrapper circle-no\"><i class=\"fusion-li-icon fa-envelope-open-text fas\" aria-hidden=\"true\"><\/i><\/span><div class=\"fusion-li-item-content\">\n<p><a href=\"mailto:info@clinicadentalruizbusquets.es\">info@clinicadentalruizbusquets.es<\/a><\/p>\n<\/div><\/li><li class=\"fusion-li-item\" style=\"\"><span class=\"icon-wrapper circle-no\"><i class=\"fusion-li-icon fa-clock fas\" aria-hidden=\"true\"><\/i><\/span><div class=\"fusion-li-item-content\">De lunes a viernes de<br \/>\n9:30 a 13:30 y de 16:00 a 20:00h<\/div><\/li><\/ul><\/div><\/div><div class=\"fusion-layout-column fusion_builder_column fusion-builder-column-1 fusion_builder_column_3_5 3_5 fusion-flex-column\" style=\"--awb-padding-top:80px;--awb-padding-right:30px;--awb-padding-bottom:70px;--awb-padding-left:30px;--awb-bg-color:rgba(8,34,62,0.89);--awb-bg-color-hover:rgba(8,34,62,0.89);--awb-bg-size:cover;--awb-width-large:60%;--awb-margin-top-large:0px;--awb-spacing-right-large:3.2%;--awb-margin-bottom-large:0px;--awb-spacing-left-large:3.2%;--awb-width-medium:100%;--awb-order-medium:0;--awb-spacing-right-medium:1.92%;--awb-spacing-left-medium:1.92%;--awb-width-small:100%;--awb-order-small:0;--awb-spacing-right-small:1.92%;--awb-spacing-left-small:1.92%;\"><div class=\"fusion-column-wrapper fusion-column-has-shadow fusion-flex-justify-content-flex-start fusion-content-layout-column\"><div class=\"fusion-text fusion-text-1\"><h2 style=\"text-align: left;\"><span style=\"color: #ffffff;\">Solicita informaci\u00f3n, nosotros te llamamos<\/span><\/h2>\n<\/div>\n<div class=\"wpcf7 no-js\" id=\"wpcf7-f5-o1\" lang=\"es-ES\" dir=\"ltr\" data-wpcf7-id=\"5\">\n<div class=\"screen-reader-response\"><p role=\"status\" aria-live=\"polite\" aria-atomic=\"true\"><\/p> <ul><\/ul><\/div>\n<form action=\"\/es\/wp-json\/wp\/v2\/pages\/53#wpcf7-f5-o1\" method=\"post\" class=\"wpcf7-form init\" aria-label=\"Formulario de contacto\" novalidate=\"novalidate\" data-status=\"init\">\n<div style=\"display: none;\">\n<input type=\"hidden\" name=\"_wpcf7\" value=\"5\" \/>\n<input type=\"hidden\" name=\"_wpcf7_version\" value=\"6.0\" \/>\n<input type=\"hidden\" name=\"_wpcf7_locale\" value=\"es_ES\" \/>\n<input type=\"hidden\" name=\"_wpcf7_unit_tag\" value=\"wpcf7-f5-o1\" \/>\n<input type=\"hidden\" name=\"_wpcf7_container_post\" value=\"0\" \/>\n<input type=\"hidden\" name=\"_wpcf7_posted_data_hash\" value=\"\" \/>\n<\/div>\n<div class=\"fusion-one-half one_half fusion-layout-column fusion-spacing-yes\">\n\t<p><span class=\"wpcf7-form-control-wrap\" data-name=\"NOMBRE\"><input size=\"40\" maxlength=\"400\" class=\"wpcf7-form-control wpcf7-text wpcf7-validates-as-required\" aria-required=\"true\" aria-invalid=\"false\" placeholder=\"NOMBRE*\" value=\"\" type=\"text\" name=\"NOMBRE\" \/><\/span>\n\t<\/p>\n<\/div>\n<div class=\"fusion-one-half one_half fusion-layout-column fusion-spacing-yes fusion-column-last\">\n\t<p><span class=\"wpcf7-form-control-wrap\" data-name=\"TELEFONO\"><input size=\"40\" maxlength=\"400\" class=\"wpcf7-form-control wpcf7-text wpcf7-validates-as-required\" aria-required=\"true\" aria-invalid=\"false\" placeholder=\"TEL\u00c9FONO*\" value=\"\" type=\"text\" name=\"TELEFONO\" \/><\/span>\n\t<\/p>\n<\/div>\n<div class=\"fusion-one-half one_half fusion-layout-column fusion-spacing-yes\">\n\t<p><span class=\"wpcf7-form-control-wrap\" data-name=\"email-541\"><input size=\"40\" maxlength=\"400\" class=\"wpcf7-form-control wpcf7-email wpcf7-text wpcf7-validates-as-email\" aria-invalid=\"false\" placeholder=\"EMAIL\" value=\"\" type=\"email\" name=\"email-541\" \/><\/span>\n\t<\/p>\n<\/div>\n<div class=\"fusion-one-half one_half fusion-layout-column fusion-spacing-yes fusion-column-last\">\n\t<p><span class=\"wpcf7-form-control-wrap\" data-name=\"menu-747\"><select class=\"wpcf7-form-control wpcf7-select wpcf7-validates-as-required\" aria-required=\"true\" aria-invalid=\"false\" name=\"menu-747\"><option value=\"MOTIVO DE LA VISITA\">MOTIVO DE LA VISITA<\/option><option value=\"Revisi\u00f3n dental\">Revisi\u00f3n dental<\/option><option value=\"Urgencia dental\">Urgencia dental<\/option><option value=\"Primera visita con el dentista\">Primera visita con el dentista<\/option><option value=\"otros\">otros<\/option><\/select><\/span>\n\t<\/p>\n<\/div>\n<div class=\"fusion-one-half one_half fusion-layout-column fusion-spacing-yes\">\n\t<p><span class=\"wpcf7-form-control-wrap\" data-name=\"date-162\"><input class=\"wpcf7-form-control wpcf7-date wpcf7-validates-as-date\" aria-invalid=\"false\" placeholder=\"QUE D\u00cdA QUIERES VENIR\" value=\"\" type=\"date\" name=\"date-162\" \/><\/span>\n\t<\/p>\n<\/div>\n<div class=\"fusion-one-half one_half fusion-layout-column fusion-spacing-yes fusion-column-last\">\n\t<p><span class=\"wpcf7-form-control-wrap\" data-name=\"HORARIO\"><input size=\"40\" maxlength=\"400\" class=\"wpcf7-form-control wpcf7-text\" aria-invalid=\"false\" placeholder=\"\u00bfQU\u00c9 HORARIO TE VA MEJOR?\" value=\"\" type=\"text\" name=\"HORARIO\" \/><\/span>\n\t<\/p>\n<\/div>\n<p><span class=\"wpcf7-form-control-wrap\" data-name=\"acceptance-346\"><span class=\"wpcf7-form-control wpcf7-acceptance\"><span class=\"wpcf7-list-item\"><input type=\"checkbox\" name=\"acceptance-346\" value=\"1\" aria-invalid=\"false\" \/><\/span><\/span><\/span><span style=\"color: #ffffff;\">Acepto la <\/span><a href=\"https:\/\/www.clinicadentalruizbusquets.es\/politica-privacidad\/\" target=\"_blank\" rel=\"noopener\"><span style=\"color: #ffffff;\">Pol\u00edtica de Privacidad<\/span><\/a>\n<\/p>\n<p><input class=\"wpcf7-form-control wpcf7-submit has-spinner\" type=\"submit\" value=\"ENVIAR\" \/>\n<\/p><div class=\"fusion-alert alert custom alert-custom fusion-alert-center wpcf7-response-output fusion-alert-capitalize awb-alert-native-link-color alert-dismissable awb-alert-close-boxed\" style=\"--awb-border-size:1px;--awb-border-top-left-radius:0px;--awb-border-top-right-radius:0px;--awb-border-bottom-left-radius:0px;--awb-border-bottom-right-radius:0px;\" role=\"alert\"><div class=\"fusion-alert-content-wrapper\"><span class=\"fusion-alert-content\"><\/span><\/div><button type=\"button\" class=\"close toggle-alert\" data-dismiss=\"alert\" aria-label=\"Close\">&times;<\/button><\/div>\n<\/form>\n<\/div>\n<\/div><\/div><\/div><\/div><div class=\"fusion-fullwidth fullwidth-box fusion-builder-row-2 fusion-flex-container nonhundred-percent-fullwidth non-hundred-percent-height-scrolling\" style=\"--awb-border-radius-top-left:0px;--awb-border-radius-top-right:0px;--awb-border-radius-bottom-right:0px;--awb-border-radius-bottom-left:0px;--awb-padding-top:40px;--awb-padding-bottom:20px;--awb-background-color:#394e65;--awb-flex-wrap:wrap;\" ><div class=\"fusion-builder-row fusion-row fusion-flex-align-items-flex-start fusion-flex-content-wrap\" style=\"max-width:1300px;margin-left: calc(-4% \/ 2 );margin-right: calc(-4% \/ 2 );\"><div class=\"fusion-layout-column fusion_builder_column fusion-builder-column-2 fusion_builder_column_1_1 1_1 fusion-flex-column\" style=\"--awb-bg-size:cover;--awb-width-large:100%;--awb-margin-top-large:0px;--awb-spacing-right-large:1.92%;--awb-margin-bottom-large:20px;--awb-spacing-left-large:1.92%;--awb-width-medium:100%;--awb-order-medium:0;--awb-spacing-right-medium:1.92%;--awb-spacing-left-medium:1.92%;--awb-width-small:100%;--awb-order-small:0;--awb-spacing-right-small:1.92%;--awb-spacing-left-small:1.92%;\"><div class=\"fusion-column-wrapper fusion-column-has-shadow fusion-flex-justify-content-flex-start fusion-content-layout-column\"><div class=\"fusion-text fusion-text-2\" style=\"--awb-font-size:30px;--awb-text-color:#ffffff;--awb-text-font-family:&quot;Playfair Display&quot;;--awb-text-font-style:normal;--awb-text-font-weight:600;\"><p style=\"text-align: center;\">En nuestra Cl\u00ednica Dental Ruiz-Busquets, trabajamos d\u00eda a d\u00eda para ofrecer tratamientos odontol\u00f3gicos de calidad y un trato personalizado a nuestros pacientes.<\/p>\n<\/div><div style=\"text-align:center;\"><a class=\"fusion-button button-flat fusion-button-default-size button-default fusion-button-default button-1 fusion-button-default-span fusion-button-default-type\" target=\"_self\" href=\"https:\/\/www.clinicadentalruizbusquets.es\/es\/tratamientos-dentales\/\"><span class=\"fusion-button-text\">VER TODOS LOS TRATAMIENTOS DENTALES<\/span><\/a><\/div><\/div><\/div><\/div><\/div><\/p>\n","protected":false},"excerpt":{"rendered":"","protected":false},"author":3,"featured_media":0,"parent":0,"menu_order":0,"comment_status":"open","ping_status":"open","template":"100-width.php","meta":{"footnotes":""},"class_list":["post-53","page","type-page","status-publish","hentry"],"yoast_head":"<!-- This site is optimized with the Yoast SEO plugin v23.8 - https:\/\/yoast.com\/wordpress\/plugins\/seo\/ -->\n<title>Contacto | Cl\u00ednica Dental Ruiz-Busquets<\/title>\n<meta name=\"description\" content=\"Contacte con nosotros en el siguiente formulario o ll\u00e1menos al 933 600 891 y nos pondremos en contacto con usted\" \/>\n<meta name=\"robots\" content=\"index, follow, max-snippet:-1, max-image-preview:large, max-video-preview:-1\" \/>\n<link rel=\"canonical\" href=\"https:\/\/www.clinicadentalruizbusquets.es\/contacte\/?doing_wp_cron=1709412778.0251710414886474609375\" \/>\n<meta property=\"og:locale\" content=\"es_ES\" \/>\n<meta property=\"og:type\" content=\"article\" \/>\n<meta property=\"og:title\" content=\"Contacto | Cl\u00ednica Dental Ruiz-Busquets\" \/>\n<meta property=\"og:description\" content=\"Contacte con nosotros en el siguiente formulario o ll\u00e1menos al 933 600 891 y nos pondremos en contacto con usted\" \/>\n<meta property=\"og:url\" content=\"https:\/\/www.clinicadentalruizbusquets.es\/contacte\/?doing_wp_cron=1709412778.0251710414886474609375\" \/>\n<meta property=\"og:site_name\" content=\"Cl\u00ednica dental Ruiz-Busquets\" \/>\n<meta property=\"article:modified_time\" content=\"2021-04-14T06:22:57+00:00\" \/>\n<meta name=\"twitter:card\" content=\"summary_large_image\" \/>\n<meta name=\"twitter:label1\" content=\"Tiempo de lectura\" \/>\n\t<meta name=\"twitter:data1\" content=\"5 minutos\" \/>\n<script type=\"application\/ld+json\" class=\"yoast-schema-graph\">{\"@context\":\"https:\/\/schema.org\",\"@graph\":[{\"@type\":\"WebPage\",\"@id\":\"https:\/\/www.clinicadentalruizbusquets.es\/contacte\/?doing_wp_cron=1709412778.0251710414886474609375\",\"url\":\"https:\/\/www.clinicadentalruizbusquets.es\/contacte\/?doing_wp_cron=1709412778.0251710414886474609375\",\"name\":\"Contacto | Cl\u00ednica Dental Ruiz-Busquets\",\"isPartOf\":{\"@id\":\"https:\/\/www.clinicadentalruizbusquets.es\/#website\"},\"datePublished\":\"2014-05-01T06:47:48+00:00\",\"dateModified\":\"2021-04-14T06:22:57+00:00\",\"description\":\"Contacte con nosotros en el siguiente formulario o ll\u00e1menos al 933 600 891 y nos pondremos en contacto con usted\",\"breadcrumb\":{\"@id\":\"https:\/\/www.clinicadentalruizbusquets.es\/contacte\/?doing_wp_cron=1709412778.0251710414886474609375#breadcrumb\"},\"inLanguage\":\"es\",\"potentialAction\":[{\"@type\":\"ReadAction\",\"target\":[\"https:\/\/www.clinicadentalruizbusquets.es\/contacte\/?doing_wp_cron=1709412778.0251710414886474609375\"]}]},{\"@type\":\"BreadcrumbList\",\"@id\":\"https:\/\/www.clinicadentalruizbusquets.es\/contacte\/?doing_wp_cron=1709412778.0251710414886474609375#breadcrumb\",\"itemListElement\":[{\"@type\":\"ListItem\",\"position\":1,\"name\":\"Portada\",\"item\":\"https:\/\/www.clinicadentalruizbusquets.es\/es\/\"},{\"@type\":\"ListItem\",\"position\":2,\"name\":\"Contacto\"}]},{\"@type\":\"WebSite\",\"@id\":\"https:\/\/www.clinicadentalruizbusquets.es\/#website\",\"url\":\"https:\/\/www.clinicadentalruizbusquets.es\/\",\"name\":\"Cl\u00ednica dental Ruiz-Busquets\",\"description\":\"Cl\u00ednica dental en Sant Andreu\",\"potentialAction\":[{\"@type\":\"SearchAction\",\"target\":{\"@type\":\"EntryPoint\",\"urlTemplate\":\"https:\/\/www.clinicadentalruizbusquets.es\/?s={search_term_string}\"},\"query-input\":{\"@type\":\"PropertyValueSpecification\",\"valueRequired\":true,\"valueName\":\"search_term_string\"}}],\"inLanguage\":\"es\"}]}<\/script>\n<!-- \/ Yoast SEO plugin. -->","yoast_head_json":{"title":"Contacto | Cl\u00ednica Dental Ruiz-Busquets","description":"Contacte con nosotros en el siguiente formulario o ll\u00e1menos al 933 600 891 y nos pondremos en contacto con usted","robots":{"index":"index","follow":"follow","max-snippet":"max-snippet:-1","max-image-preview":"max-image-preview:large","max-video-preview":"max-video-preview:-1"},"canonical":"https:\/\/www.clinicadentalruizbusquets.es\/contacte\/?doing_wp_cron=1709412778.0251710414886474609375","og_locale":"es_ES","og_type":"article","og_title":"Contacto | Cl\u00ednica Dental Ruiz-Busquets","og_description":"Contacte con nosotros en el siguiente formulario o ll\u00e1menos al 933 600 891 y nos pondremos en contacto con usted","og_url":"https:\/\/www.clinicadentalruizbusquets.es\/contacte\/?doing_wp_cron=1709412778.0251710414886474609375","og_site_name":"Cl\u00ednica dental Ruiz-Busquets","article_modified_time":"2021-04-14T06:22:57+00:00","twitter_card":"summary_large_image","twitter_misc":{"Tiempo de lectura":"5 minutos"},"schema":{"@context":"https:\/\/schema.org","@graph":[{"@type":"WebPage","@id":"https:\/\/www.clinicadentalruizbusquets.es\/contacte\/?doing_wp_cron=1709412778.0251710414886474609375","url":"https:\/\/www.clinicadentalruizbusquets.es\/contacte\/?doing_wp_cron=1709412778.0251710414886474609375","name":"Contacto | Cl\u00ednica Dental Ruiz-Busquets","isPartOf":{"@id":"https:\/\/www.clinicadentalruizbusquets.es\/#website"},"datePublished":"2014-05-01T06:47:48+00:00","dateModified":"2021-04-14T06:22:57+00:00","description":"Contacte con nosotros en el siguiente formulario o ll\u00e1menos al 933 600 891 y nos pondremos en contacto con usted","breadcrumb":{"@id":"https:\/\/www.clinicadentalruizbusquets.es\/contacte\/?doing_wp_cron=1709412778.0251710414886474609375#breadcrumb"},"inLanguage":"es","potentialAction":[{"@type":"ReadAction","target":["https:\/\/www.clinicadentalruizbusquets.es\/contacte\/?doing_wp_cron=1709412778.0251710414886474609375"]}]},{"@type":"BreadcrumbList","@id":"https:\/\/www.clinicadentalruizbusquets.es\/contacte\/?doing_wp_cron=1709412778.0251710414886474609375#breadcrumb","itemListElement":[{"@type":"ListItem","position":1,"name":"Portada","item":"https:\/\/www.clinicadentalruizbusquets.es\/es\/"},{"@type":"ListItem","position":2,"name":"Contacto"}]},{"@type":"WebSite","@id":"https:\/\/www.clinicadentalruizbusquets.es\/#website","url":"https:\/\/www.clinicadentalruizbusquets.es\/","name":"Cl\u00ednica dental Ruiz-Busquets","description":"Cl\u00ednica dental en Sant Andreu","potentialAction":[{"@type":"SearchAction","target":{"@type":"EntryPoint","urlTemplate":"https:\/\/www.clinicadentalruizbusquets.es\/?s={search_term_string}"},"query-input":{"@type":"PropertyValueSpecification","valueRequired":true,"valueName":"search_term_string"}}],"inLanguage":"es"}]}},"_links":{"self":[{"href":"https:\/\/www.clinicadentalruizbusquets.es\/es\/wp-json\/wp\/v2\/pages\/53","targetHints":{"allow":["GET"]}}],"collection":[{"href":"https:\/\/www.clinicadentalruizbusquets.es\/es\/wp-json\/wp\/v2\/pages"}],"about":[{"href":"https:\/\/www.clinicadentalruizbusquets.es\/es\/wp-json\/wp\/v2\/types\/page"}],"author":[{"embeddable":true,"href":"https:\/\/www.clinicadentalruizbusquets.es\/es\/wp-json\/wp\/v2\/users\/3"}],"replies":[{"embeddable":true,"href":"https:\/\/www.clinicadentalruizbusquets.es\/es\/wp-json\/wp\/v2\/comments?post=53"}],"version-history":[{"count":0,"href":"https:\/\/www.clinicadentalruizbusquets.es\/es\/wp-json\/wp\/v2\/pages\/53\/revisions"}],"wp:attachment":[{"href":"https:\/\/www.clinicadentalruizbusquets.es\/es\/wp-json\/wp\/v2\/media?parent=53"}],"curies":[{"name":"wp","href":"https:\/\/api.w.org\/{rel}","templated":true}]}}