{"id":309,"date":"2014-05-08T20:10:42","date_gmt":"2014-05-08T20:10:42","guid":{"rendered":"http:\/\/lawebpro.es\/virgen\/?page_id=309"},"modified":"2021-04-14T09:06:43","modified_gmt":"2021-04-14T09:06:43","slug":"aviso-legal","status":"publish","type":"page","link":"https:\/\/www.clinicadentalruizbusquets.es\/es\/aviso-legal\/","title":{"rendered":"Aviso Legal"},"content":{"rendered":"<div class=\"fusion-fullwidth fullwidth-box fusion-builder-row-1 nonhundred-percent-fullwidth non-hundred-percent-height-scrolling\" style=\"--awb-border-radius-top-left:0px;--awb-border-radius-top-right:0px;--awb-border-radius-bottom-right:0px;--awb-border-radius-bottom-left:0px;--awb-flex-wrap:wrap;\" ><div class=\"fusion-builder-row fusion-row\"><div class=\"fusion-layout-column fusion_builder_column fusion-builder-column-0 fusion_builder_column_1_1 1_1 fusion-one-full fusion-column-first fusion-column-last\" style=\"--awb-bg-size:cover;--awb-margin-bottom:0px;\"><div class=\"fusion-column-wrapper fusion-flex-column-wrapper-legacy\"><div class=\"fusion-text fusion-text-1\"><div class=\"table-1\">\n<table style=\"width: 100%;\" width=\"100%\">\n<tbody>\n<tr>\n<td style=\"width: 5.95968%;\" width=\"37\"><strong><em>1.-<\/em><\/strong><\/td>\n<td style=\"width: 24.7152%;\" width=\"166\"><strong>Responsable del tratamiento:<\/strong><\/td>\n<td style=\"width: 52.6731%;\" width=\"359\"><b>MRB DENTAL PROFESIONAL, S.L.P<\/b><\/td>\n<td style=\"width: 15.6004%;\" width=\"103\"><a href=\"https:\/\/www.clinicadentalruizbusquets.es\/politica-privacidad\/#responsable\"><u>Ampliar info.<\/u><\/a><\/td>\n<\/tr>\n<tr>\n<td style=\"width: 5.95968%;\" width=\"37\"><strong><em>2.-<\/em><\/strong><\/td>\n<td style=\"width: 24.7152%;\" width=\"166\"><b>Finalidad del tratamiento:<\/b><\/td>\n<td style=\"width: 52.6731%;\">Dar respuesta a la informaci\u00f3n solicitada<b>, g<\/b>esti\u00f3n de servicios o tratamientos solicitados, as\u00ed como las gestiones administrativas que se deriven. Gesti\u00f3n de la Cl\u00ednica.<\/td>\n<td style=\"width: 15.6004%;\" width=\"103\"><a href=\"https:\/\/www.clinicadentalruizbusquets.es\/politica-privacidad\/#tipo\"><u>Ampliar info.<\/u><\/a><\/td>\n<\/tr>\n<tr>\n<td style=\"width: 5.95968%;\" width=\"37\"><strong><em>3.-<\/em><\/strong><\/td>\n<td style=\"width: 24.7152%;\" width=\"166\"><strong>Legitimaci\u00f3n del tratamiento:<\/strong><\/td>\n<td style=\"width: 52.6731%;\" width=\"359\"><b>C<\/b>onsentimiento del usuario, cumplimiento de obligaciones legales, la ejecuci\u00f3n de un contrato o precontrato y, en su caso intereses leg\u00edtimos de la Compa\u00f1\u00eda.<\/td>\n<td style=\"width: 15.6004%;\" width=\"103\"><a href=\"https:\/\/www.clinicadentalruizbusquets.es\/politica-privacidad\/#legitimacion\"><u>Ampliar info.<\/u><\/a><\/td>\n<\/tr>\n<tr>\n<td style=\"width: 5.95968%;\" width=\"37\"><strong><em>4.-<\/em><\/strong><\/td>\n<td style=\"width: 24.7152%;\" width=\"166\"><strong>Plazo de conservaci\u00f3n:<\/strong><\/td>\n<td style=\"width: 52.6731%;\" width=\"359\">Mientras dure la legitimaci\u00f3n por consentimiento, la relaci\u00f3n contractual u obligaci\u00f3n legal.<\/td>\n<td style=\"width: 15.6004%;\" width=\"103\"><a href=\"https:\/\/www.clinicadentalruizbusquets.es\/politica-privacidad\/#plazo\"><u>Ampliar info.<\/u><\/a><\/td>\n<\/tr>\n<tr>\n<td style=\"width: 5.95968%;\" width=\"37\"><strong><em>5.-<\/em><\/strong><\/td>\n<td style=\"width: 24.7152%;\" width=\"166\"><strong>Destinatarios: <\/strong><\/td>\n<td style=\"width: 52.6731%;\">Los datos que nos facilite ser\u00e1n incorporados a una base de datos perteneciente a <b>MRB DENTAL PROFESIONAL, S.L.P y<\/b> no ser\u00e1n cedidos a terceros, salvo a aquellos que necesariamente deban intervenir para la prestaci\u00f3n de alg\u00fan servicio o tratamiento contratado por el interesado.<\/td>\n<td style=\"width: 15.6004%;\" width=\"103\"><a href=\"https:\/\/www.clinicadentalruizbusquets.es\/politica-privacidad\/#destinatarios\"><u>Ampliar info.<\/u><\/a><\/td>\n<\/tr>\n<tr>\n<td style=\"width: 5.95968%;\" width=\"37\"><strong><em>6.-<\/em><\/strong><\/td>\n<td style=\"width: 24.7152%;\" width=\"166\"><strong>Ejercicio de derechos:<\/strong><\/td>\n<td style=\"width: 52.6731%;\">Acceder, rectificar y suprimir sus datos, as\u00ed como los dem\u00e1s derechos previstos por la normativa vigente.<\/td>\n<td style=\"width: 15.6004%;\" width=\"103\"><a href=\"https:\/\/www.clinicadentalruizbusquets.es\/politica-privacidad\/#derechos\"><u>Ampliar info.<\/u><\/a><\/td>\n<\/tr>\n<tr>\n<td style=\"width: 5.95968%;\" width=\"37\"><strong><em>7.-<\/em><\/strong><\/td>\n<td style=\"width: 24.7152%;\" width=\"166\"><strong>Reclamaci\u00f3n ante la Autoridad de Control:<\/strong><\/td>\n<td style=\"width: 52.6731%;\" width=\"359\">Puede dirigir las reclamaciones derivadas del tratamiento de sus datos de car\u00e1cter personal a la Agencia Espa\u00f1ola de Protecci\u00f3n de Datos (<a href=\"http:\/\/www.aepd.es\">www.aepd.es<\/a>)<\/td>\n<td style=\"width: 15.6004%;\" width=\"103\"><a href=\"https:\/\/www.clinicadentalruizbusquets.es\/politica-privacidad\/#reclamacion\"><u>Ampliar info.<\/u><\/a><\/td>\n<\/tr>\n<tr>\n<td style=\"width: 5.95968%;\" width=\"37\"><strong><em>8.-<\/em><\/strong><\/td>\n<td style=\"width: 24.7152%;\" width=\"166\"><strong>Legislaci\u00f3n y jurisdicci\u00f3n<\/strong><\/td>\n<td style=\"width: 52.6731%;\" width=\"359\">La presente pol\u00edtica de privacidad se rige en todos y cada uno de sus extremos por el Reglamento General de Protecci\u00f3n de datos de la Uni\u00f3n Europea y dem\u00e1s normativa espa\u00f1ola relacionada.<\/td>\n<td style=\"width: 15.6004%;\" width=\"103\"><a href=\"https:\/\/www.clinicadentalruizbusquets.es\/politica-privacidad\/#legislacion\"><u>Ampliar info.<\/u><\/a><\/td>\n<\/tr>\n<tr>\n<td style=\"width: 5.95968%;\" width=\"37\"><strong><em>9.-<\/em><\/strong><\/td>\n<td style=\"width: 24.7152%;\" width=\"166\"><strong>Informaci\u00f3n adicional<\/strong><\/td>\n<td style=\"width: 52.6731%;\" width=\"359\">Informaci\u00f3n adicional sobre RRSS y seguridad<\/td>\n<td style=\"width: 15.6004%;\" width=\"103\"><a href=\"https:\/\/www.clinicadentalruizbusquets.es\/politica-privacidad\/#adicional\"><u>Ampliar info.<\/u><\/a><\/td>\n<\/tr>\n<tr>\n<td style=\"width: 5.95968%;\" width=\"37\"><strong><em>10.-<\/em><\/strong><\/td>\n<td style=\"width: 24.7152%;\" width=\"166\"><b>Contacto Delegado Protecci\u00f3n de Datos:<\/b><\/td>\n<td style=\"width: 52.6731%;\" width=\"359\">info@clinicadentalruizbusquets.es<\/td>\n<td style=\"width: 15.6004%;\" width=\"103\"><a href=\"https:\/\/www.clinicadentalruizbusquets.es\/politica-privacidad\/#delegado\"><u>Ampliar info.<\/u><\/a><\/td>\n<\/tr>\n<tr>\n<td style=\"width: 5.95968%;\" width=\"37\"><strong><em>10.-<\/em><\/strong><\/td>\n<td style=\"width: 24.7152%;\" width=\"166\"><strong>Actualizaci\u00f3n:<\/strong><\/td>\n<td style=\"width: 52.6731%;\" width=\"359\"><b>Abril 2021<\/b><\/td>\n<td style=\"width: 15.6004%;\" width=\"103\"><a href=\"https:\/\/www.clinicadentalruizbusquets.es\/politica-privacidad\/#actualizacion\"><u>Ampliar info.<\/u><\/a><\/td>\n<\/tr>\n<\/tbody>\n<\/table>\n<\/div>\n<\/div><div class=\"fusion-clearfix\"><\/div><\/div><\/div><\/div><\/div>\n","protected":false},"excerpt":{"rendered":"","protected":false},"author":3,"featured_media":0,"parent":0,"menu_order":0,"comment_status":"open","ping_status":"open","template":"","meta":{"footnotes":""},"class_list":["post-309","page","type-page","status-publish","hentry"],"yoast_head":"<!-- This site is optimized with the Yoast SEO plugin v23.8 - https:\/\/yoast.com\/wordpress\/plugins\/seo\/ -->\n<title>Aviso Legal - Cl\u00ednica dental Ruiz-Busquets<\/title>\n<meta name=\"robots\" content=\"index, follow, max-snippet:-1, max-image-preview:large, max-video-preview:-1\" \/>\n<link rel=\"canonical\" href=\"https:\/\/www.clinicadentalruizbusquets.es\/es\/aviso-legal\/?doing_wp_cron=1709412778.0251710414886474609375\" \/>\n<meta property=\"og:locale\" content=\"es_ES\" \/>\n<meta property=\"og:type\" content=\"article\" \/>\n<meta property=\"og:title\" content=\"Aviso Legal - Cl\u00ednica dental Ruiz-Busquets\" \/>\n<meta property=\"og:url\" content=\"https:\/\/www.clinicadentalruizbusquets.es\/es\/aviso-legal\/?doing_wp_cron=1709412778.0251710414886474609375\" \/>\n<meta property=\"og:site_name\" content=\"Cl\u00ednica dental Ruiz-Busquets\" \/>\n<meta property=\"article:modified_time\" content=\"2021-04-14T09:06:43+00:00\" \/>\n<meta name=\"twitter:card\" content=\"summary_large_image\" \/>\n<meta name=\"twitter:label1\" content=\"Tiempo de lectura\" \/>\n\t<meta name=\"twitter:data1\" content=\"3 minutos\" \/>\n<script type=\"application\/ld+json\" class=\"yoast-schema-graph\">{\"@context\":\"https:\/\/schema.org\",\"@graph\":[{\"@type\":\"WebPage\",\"@id\":\"https:\/\/www.clinicadentalruizbusquets.es\/es\/aviso-legal\/?doing_wp_cron=1709412778.0251710414886474609375\",\"url\":\"https:\/\/www.clinicadentalruizbusquets.es\/es\/aviso-legal\/?doing_wp_cron=1709412778.0251710414886474609375\",\"name\":\"Aviso Legal - Cl\u00ednica dental Ruiz-Busquets\",\"isPartOf\":{\"@id\":\"https:\/\/www.clinicadentalruizbusquets.es\/#website\"},\"datePublished\":\"2014-05-08T20:10:42+00:00\",\"dateModified\":\"2021-04-14T09:06:43+00:00\",\"breadcrumb\":{\"@id\":\"https:\/\/www.clinicadentalruizbusquets.es\/es\/aviso-legal\/?doing_wp_cron=1709412778.0251710414886474609375#breadcrumb\"},\"inLanguage\":\"es\",\"potentialAction\":[{\"@type\":\"ReadAction\",\"target\":[\"https:\/\/www.clinicadentalruizbusquets.es\/es\/aviso-legal\/?doing_wp_cron=1709412778.0251710414886474609375\"]}]},{\"@type\":\"BreadcrumbList\",\"@id\":\"https:\/\/www.clinicadentalruizbusquets.es\/es\/aviso-legal\/?doing_wp_cron=1709412778.0251710414886474609375#breadcrumb\",\"itemListElement\":[{\"@type\":\"ListItem\",\"position\":1,\"name\":\"Portada\",\"item\":\"https:\/\/www.clinicadentalruizbusquets.es\/es\/\"},{\"@type\":\"ListItem\",\"position\":2,\"name\":\"Aviso Legal\"}]},{\"@type\":\"WebSite\",\"@id\":\"https:\/\/www.clinicadentalruizbusquets.es\/#website\",\"url\":\"https:\/\/www.clinicadentalruizbusquets.es\/\",\"name\":\"Cl\u00ednica dental Ruiz-Busquets\",\"description\":\"Cl\u00ednica dental en Sant Andreu\",\"potentialAction\":[{\"@type\":\"SearchAction\",\"target\":{\"@type\":\"EntryPoint\",\"urlTemplate\":\"https:\/\/www.clinicadentalruizbusquets.es\/?s={search_term_string}\"},\"query-input\":{\"@type\":\"PropertyValueSpecification\",\"valueRequired\":true,\"valueName\":\"search_term_string\"}}],\"inLanguage\":\"es\"}]}<\/script>\n<!-- \/ Yoast SEO plugin. -->","yoast_head_json":{"title":"Aviso Legal - Cl\u00ednica dental Ruiz-Busquets","robots":{"index":"index","follow":"follow","max-snippet":"max-snippet:-1","max-image-preview":"max-image-preview:large","max-video-preview":"max-video-preview:-1"},"canonical":"https:\/\/www.clinicadentalruizbusquets.es\/es\/aviso-legal\/?doing_wp_cron=1709412778.0251710414886474609375","og_locale":"es_ES","og_type":"article","og_title":"Aviso Legal - Cl\u00ednica dental Ruiz-Busquets","og_url":"https:\/\/www.clinicadentalruizbusquets.es\/es\/aviso-legal\/?doing_wp_cron=1709412778.0251710414886474609375","og_site_name":"Cl\u00ednica dental Ruiz-Busquets","article_modified_time":"2021-04-14T09:06:43+00:00","twitter_card":"summary_large_image","twitter_misc":{"Tiempo de lectura":"3 minutos"},"schema":{"@context":"https:\/\/schema.org","@graph":[{"@type":"WebPage","@id":"https:\/\/www.clinicadentalruizbusquets.es\/es\/aviso-legal\/?doing_wp_cron=1709412778.0251710414886474609375","url":"https:\/\/www.clinicadentalruizbusquets.es\/es\/aviso-legal\/?doing_wp_cron=1709412778.0251710414886474609375","name":"Aviso Legal - Cl\u00ednica dental Ruiz-Busquets","isPartOf":{"@id":"https:\/\/www.clinicadentalruizbusquets.es\/#website"},"datePublished":"2014-05-08T20:10:42+00:00","dateModified":"2021-04-14T09:06:43+00:00","breadcrumb":{"@id":"https:\/\/www.clinicadentalruizbusquets.es\/es\/aviso-legal\/?doing_wp_cron=1709412778.0251710414886474609375#breadcrumb"},"inLanguage":"es","potentialAction":[{"@type":"ReadAction","target":["https:\/\/www.clinicadentalruizbusquets.es\/es\/aviso-legal\/?doing_wp_cron=1709412778.0251710414886474609375"]}]},{"@type":"BreadcrumbList","@id":"https:\/\/www.clinicadentalruizbusquets.es\/es\/aviso-legal\/?doing_wp_cron=1709412778.0251710414886474609375#breadcrumb","itemListElement":[{"@type":"ListItem","position":1,"name":"Portada","item":"https:\/\/www.clinicadentalruizbusquets.es\/es\/"},{"@type":"ListItem","position":2,"name":"Aviso Legal"}]},{"@type":"WebSite","@id":"https:\/\/www.clinicadentalruizbusquets.es\/#website","url":"https:\/\/www.clinicadentalruizbusquets.es\/","name":"Cl\u00ednica dental Ruiz-Busquets","description":"Cl\u00ednica dental en Sant Andreu","potentialAction":[{"@type":"SearchAction","target":{"@type":"EntryPoint","urlTemplate":"https:\/\/www.clinicadentalruizbusquets.es\/?s={search_term_string}"},"query-input":{"@type":"PropertyValueSpecification","valueRequired":true,"valueName":"search_term_string"}}],"inLanguage":"es"}]}},"_links":{"self":[{"href":"https:\/\/www.clinicadentalruizbusquets.es\/es\/wp-json\/wp\/v2\/pages\/309","targetHints":{"allow":["GET"]}}],"collection":[{"href":"https:\/\/www.clinicadentalruizbusquets.es\/es\/wp-json\/wp\/v2\/pages"}],"about":[{"href":"https:\/\/www.clinicadentalruizbusquets.es\/es\/wp-json\/wp\/v2\/types\/page"}],"author":[{"embeddable":true,"href":"https:\/\/www.clinicadentalruizbusquets.es\/es\/wp-json\/wp\/v2\/users\/3"}],"replies":[{"embeddable":true,"href":"https:\/\/www.clinicadentalruizbusquets.es\/es\/wp-json\/wp\/v2\/comments?post=309"}],"version-history":[{"count":0,"href":"https:\/\/www.clinicadentalruizbusquets.es\/es\/wp-json\/wp\/v2\/pages\/309\/revisions"}],"wp:attachment":[{"href":"https:\/\/www.clinicadentalruizbusquets.es\/es\/wp-json\/wp\/v2\/media?parent=309"}],"curies":[{"name":"wp","href":"https:\/\/api.w.org\/{rel}","templated":true}]}}