{"id":304,"date":"2014-05-03T15:49:04","date_gmt":"2014-05-03T15:49:04","guid":{"rendered":"http:\/\/lawebpro.es\/virgen\/politica-de-cookies\/"},"modified":"2021-04-14T09:20:09","modified_gmt":"2021-04-14T09:20:09","slug":"politica-de-cookies","status":"publish","type":"page","link":"https:\/\/www.clinicadentalruizbusquets.es\/es\/politica-de-cookies\/","title":{"rendered":"Pol\u00edtica de cookies"},"content":{"rendered":"<p><b>POL\u00cdTICA DE COOKIES<\/b><\/p>\n<p>El responsable del sitio web <a href=\"http:\/\/www.clinicadentalruizbusquets.es\">www.clinicadentalruizbusquets.es<\/a> (el \u201cSitio Web\u201d) es MRB DENTAL PROFESIONAL, S.L.P que puede utilizar una tecnolog\u00eda denominada \u201ccookies\u201d con la finalidad de poder recabar informaci\u00f3n acerca del uso del Sitio Web. Le informamos de que podr\u00edamos utilizar cookies con la finalidad de facilitar su navegaci\u00f3n a trav\u00e9s del Sitio Web, distinguirle de otros usuarios, proporcionarle una mejor experiencia en el uso de este, e identificar problemas para mejorar nuestro Sitio Web. Asimismo, en caso de que prestara su consentimiento, podr\u00edamos utilizar cookies que nos permitieran obtener m\u00e1s informaci\u00f3n acerca de sus preferencias y personalizar nuestro Sitio Web de conformidad con sus intereses individuales.<\/p>\n<p>La presente pol\u00edtica de cookies tiene por finalidad informarle de manera clara y precisa sobre las cookies que se utilizan en nuestro Sitio Web en cada momento. En caso de que quiera recabar m\u00e1s informaci\u00f3n sobre las cookies que utilizamos en el Sitio Web, puede enviar un correo electr\u00f3nico a la siguiente direcci\u00f3n: <a href=\"mailto:info@clinicadentalruizbusquets.es\">info@clinicadentalruizbusquets.es<\/a><\/p>\n<p>&nbsp;<\/p>\n<p><b>COOKIES<\/b><\/p>\n<p>Una cookie es un archivo que se descarga en su equipo (ordenador o dispositivo m\u00f3vil) con la finalidad de almacenar datos que podr\u00e1n ser actualizados y recuperados por la entidad responsable de su instalaci\u00f3n.<\/p>\n<p>La informaci\u00f3n recabada a trav\u00e9s de las cookies puede incluir la fecha y hora de visitas al Sitio Web, las p\u00e1ginas visionadas, el tiempo que ha estado en nuestro sitio Web y los sitios visitados justo antes y despu\u00e9s del mismo.<\/p>\n<p>&nbsp;<\/p>\n<p><b>TIPO DE COOKIES QUE SE PUEDEN USAR EN EL SITIO WEB.<\/b><\/p>\n<p><b>Cookies de sesi\u00f3n:<\/b><\/p>\n<p>Son aquellas cookies que son enviadas a su ordenador y gestionadas exclusivamente por nosotros para el mejor funcionamiento de la Web. La informaci\u00f3n que recabamos se emplea para mejorar la calidad de nuestro servicio y su experiencia como usuario.<\/p>\n<p>&nbsp;<\/p>\n<p><b>Cookies persistentes:<\/b><\/p>\n<p>Estas cookies permanecen en su navegador m\u00e1s tiempo, permiti\u00e9ndonos reconocerle como visitante recurrente del Sitio Web y adaptar el contenido para ofrecerle contenidos que se ajusten a sus preferencias.<\/p>\n<p>&nbsp;<\/p>\n<p><b>Cookies funcionales o t\u00e9cnicas:<\/b><\/p>\n<p>Estas cookies permiten la navegaci\u00f3n del usuario a trav\u00e9s de la Web y la utilizaci\u00f3n de las diferentes opciones o servicios que en ella existan, como por ejemplo controlar el tr\u00e1fico y la comunicaci\u00f3n de datos, identificar la sesi\u00f3n, contar visitas, utilizar elementos de seguridad durante la navegaci\u00f3n.<\/p>\n<p>&nbsp;<\/p>\n<p><b>Cookies de preferencias o personalizaci\u00f3n:<\/b><\/p>\n<p>Estas cookies permiten recordar informaci\u00f3n para que el usuario acceda al servicio con determinadas caracter\u00edsticas que pueden diferenciar su experiencia de la de otros usuarios, como por ejemplo el idioma, el aspecto o contenido del servicio en funci\u00f3n del tipo de navegador a trav\u00e9s del cual el usuario accede al servicio o de la regi\u00f3n desde la que se accede.<\/p>\n<p>&nbsp;<\/p>\n<p><b>Cookies de an\u00e1lisis o medici\u00f3n:<\/b><\/p>\n<p>Son aquellas que, tratadas por nosotros o por terceros, nos permiten cuantificar el n\u00famero de usuarios y as\u00ed realizar la medici\u00f3n y an\u00e1lisis estad\u00edstico de la utilizaci\u00f3n que hacen los usuarios de los servicios ofertados. Para ello se analiza su navegaci\u00f3n en nuestra Web con el fin de mejorar la oferta de nuestros productos o servicios que le ofrecemos.<\/p>\n<p>&nbsp;<\/p>\n<p><b>Cookies de marketing u otras:<\/b><\/p>\n<p>Son aquellas que, tratadas por nosotros o por terceros, nos permiten analizar sus h\u00e1bitos de navegaci\u00f3n en Internet para que podamos mostrarle publicidad relacionada con su perfil de navegaci\u00f3n.<\/p>\n<p>En concreto, actualmente utilizamos las siguientes cookies:<\/p>\n<p>&nbsp;<\/p>\n<p><b>COOKIES PROPIAS:<\/b><\/p>\n<p><a href=\"http:\/\/www.clinicadentalruizbusquets.es\"><b>www.clinicadentalruizbusquets.es<\/b><\/a><b>\u00a0<\/b><\/p>\n<div class=\"table-1\">\n<table style=\"width: 100%;\" width=\"100%\">\n<tbody>\n<tr>\n<td><b>Cookie<\/b><\/td>\n<td><b>Duraci\u00f3n<\/b><\/td>\n<td><b>Funci\u00f3n<\/b><\/td>\n<td><b>Tipo<\/b><\/td>\n<\/tr>\n<tr>\n<td>_ga<\/td>\n<td>2 a\u00f1os<\/td>\n<td>Se usa para distinguir a los usuarios<\/td>\n<td>Anal\u00edtica<\/td>\n<\/tr>\n<tr>\n<td>_gat<\/td>\n<td>10 minutos<\/td>\n<td>Se trata de una cookie anal\u00edtica, relacionada con Google Analytics. Se usa para diferenciar entre los diferentes objetos de seguimiento creados en la sesi\u00f3n.<\/td>\n<td>Anal\u00edtica<\/td>\n<\/tr>\n<tr>\n<td>_gid<\/td>\n<td>sesi\u00f3n<\/td>\n<td>Cookie que contiene un identificador an\u00f3nimo usado para distinguir usuarios.<\/td>\n<td>Anal\u00edtica<\/td>\n<\/tr>\n<tr>\n<td>_gac<\/td>\n<td>4 meses<\/td>\n<td>Utilizado por Google AdSense para experimentar con la eficiencia de la publicidad en sitios web que utilizan sus servicios.<\/td>\n<td>Marketing y otras<\/td>\n<\/tr>\n<tr>\n<td>_icl_visitor_lang_js<\/td>\n<td>1 d\u00eda<\/td>\n<td>Cookie que registra el idioma elegido por el usuario<\/td>\n<td>Funcional<\/td>\n<\/tr>\n<tr>\n<td>fbp<\/td>\n<td>2 a\u00f1os<\/td>\n<td>Utilizada por Facebook para ofrecer una serie de productos publicitarios como por ejemplo la licitaci\u00f3n en tiempo real de anunciantes de terceros.<\/td>\n<td>Marketing y otras<\/td>\n<\/tr>\n<tr>\n<td>wpml_browser_redirect_test<\/td>\n<td>sesi\u00f3n<\/td>\n<td>Cookie que registra el idioma elegido por el usuario<\/td>\n<td>funcional<\/td>\n<\/tr>\n<\/tbody>\n<\/table>\n<\/div>\n<p>&nbsp;<\/p>\n<p>COOKIES DE TERCEROS.<\/p>\n<p><b>-Google Ireland Limited<\/b><\/p>\n<div class=\"table-1\">\n<table style=\"width: 100%;\" width=\"100%\">\n<tbody>\n<tr>\n<td><b>Cookie<\/b><\/td>\n<td><b>Duraci\u00f3n<\/b><\/td>\n<td><b>Funci\u00f3n<\/b><\/td>\n<td><b>Tipo<\/b><\/td>\n<\/tr>\n<tr>\n<td>CONSENT<\/td>\n<td>20 a\u00f1os<\/td>\n<td>Consentimiento de los servicios de Google<\/td>\n<td>Funcional<\/td>\n<\/tr>\n<tr>\n<td>NID<\/td>\n<td>6 meses<\/td>\n<td>Almacenar preferencias del usuario en webs con mapas de Google<\/td>\n<td>Anal\u00edtica<\/td>\n<\/tr>\n<tr>\n<td>__Secure-3PAPISID<\/td>\n<td>2 a\u00f1os<\/td>\n<td>Publicitaria. Estas cookies se utilizan para entregar anuncios m\u00e1s relevantes para usted y sus intereses<\/td>\n<td>Marketing y otras<\/td>\n<\/tr>\n<tr>\n<td>__Secure-3PSIDCC<\/td>\n<td>2 a\u00f1os<\/td>\n<td>Publicitaria. Estas cookies se utilizan para entregar anuncios m\u00e1s relevantes para usted y sus intereses<\/td>\n<td>Marketing y otras<\/td>\n<\/tr>\n<tr>\n<td>__Secure-3PSID<\/td>\n<td>2 a\u00f1os<\/td>\n<td>Publicitaria. Estas cookies se utilizan para entregar anuncios m\u00e1s relevantes para usted y sus intereses<\/td>\n<td>Marketing y otras<\/td>\n<\/tr>\n<tr>\n<td>APISID<\/td>\n<td>2 a\u00f1os<\/td>\n<td>Cookie para el funcionamiento de Doubleclick, eval\u00faa la eficacia de las campa\u00f1as de marketing online.<\/td>\n<td>Anal\u00edtica<\/td>\n<\/tr>\n<tr>\n<td>DV<\/td>\n<td>10 d\u00edas<\/td>\n<td>Esta cookie es utilizada por Google para proveer servicios y extraer informaci\u00f3n an\u00f3nima sobre la navegaci\u00f3n.<\/td>\n<td>Anal\u00edtica<\/td>\n<\/tr>\n<tr>\n<td>SEARCH_SAMESITE<\/td>\n<td>6 meses<\/td>\n<td>Utilizadas para mejorar la seguridad ante las vulnerabilidades CSRF que se aprovechaban de que las cookies pod\u00edan ser compartidas por el navegador entre sitios web que las recogen y otros sitios web que las solicitan<\/td>\n<td>Funcional<\/td>\n<\/tr>\n<tr>\n<td>SSID<\/td>\n<td>2 a\u00f1os<\/td>\n<td>Cookie utilizada para gestionar preferencias de usuario.<\/td>\n<td>Anal\u00edtica<\/td>\n<\/tr>\n<tr>\n<td>SIDCC<\/td>\n<td>3 meses<\/td>\n<td>Esta cookie es utilizada por Google para proveer servicios y extraer informaci\u00f3n an\u00f3nima sobre la navegaci\u00f3n.<\/td>\n<td>Anal\u00edtica<\/td>\n<\/tr>\n<tr>\n<td>SID<\/td>\n<td>2 a\u00f1os<\/td>\n<td>Contienen registros encriptados y firmados de forma digital de la hora de inicio de sesi\u00f3n m\u00e1s reciente y del ID de cuenta de Google de un usuario. La combinaci\u00f3n de estas dos cookies permite bloquear muchos tipos de ataques como, por ejemplo, intentos de robo del contenido de los formularios que rellenas en p\u00e1ginas web.<\/td>\n<td>Funcional<\/td>\n<\/tr>\n<tr>\n<td>HSID<\/td>\n<td>2 a\u00f1os<\/td>\n<td>Contienen registros encriptados y firmados de forma digital de la hora de inicio de sesi\u00f3n m\u00e1s reciente y del ID de cuenta de Google de un usuario. La combinaci\u00f3n de estas dos cookies permite bloquear muchos tipos de ataques como, por ejemplo, intentos de robo del contenido de los formularios que rellenas en p\u00e1ginas web.<\/td>\n<td>Funcional<\/td>\n<\/tr>\n<tr>\n<td>SAPISID<\/td>\n<td>2 a\u00f1os<\/td>\n<td>Cookie utilizada para gestionar preferencias de usuario.<\/td>\n<td>Funcional<\/td>\n<\/tr>\n<\/tbody>\n<\/table>\n<\/div>\n<p>Si desea m\u00e1s informaci\u00f3n sobre el uso de las cookies de Google Inc., puede contactar con ellos desde la p\u00e1gina <a href=\"http:\/\/www.google.com\/policies\/technologies\/ads\/\">http:\/\/www.google.com\/policies\/technologies\/ads\/<\/a><\/p>\n<p>&nbsp;<\/p>\n<p><b>-Facebook<\/b><\/p>\n<div class=\"table-1\">\n<table style=\"width: 100%;\" width=\"100%\">\n<tbody>\n<tr>\n<td><b>Cookie<\/b><\/td>\n<td><b>Duraci\u00f3n<\/b><\/td>\n<td><b>Funci\u00f3n<\/b><\/td>\n<td><b>Tipo<\/b><\/td>\n<\/tr>\n<tr>\n<td>fr<\/td>\n<td>3 meses<\/td>\n<td>Estas cookies son de Facebook, sirven para mostrar el bot\u00f3n \u201cMe gusta\u201d y mostrar el n\u00famero de seguidores.<\/td>\n<td>Anal\u00edtica<\/td>\n<\/tr>\n<tr>\n<td>datr<\/td>\n<td>2 a\u00f1os<\/td>\n<td>El prop\u00f3sito de la cookie DATR es identificar el navegador web que se utiliza para conectarse a Facebook independientemente del usuario que ha entrado. Esta cookie tiene un papel clave en el Facebook de caracter\u00edsticas de seguridad e integridad del sitio.<\/td>\n<td>Marketing y otras<\/td>\n<\/tr>\n<tr>\n<td>sb<\/td>\n<td>2 a\u00f1os<\/td>\n<td>Permite la integraci\u00f3n con Facebook<\/td>\n<td>Funcional<\/td>\n<\/tr>\n<\/tbody>\n<\/table>\n<\/div>\n<p>Si deseas m\u00e1s informaci\u00f3n sobre el uso de las cookies de Facebook, puedes contactar con ellos desde la p\u00e1gina <a href=\"https:\/\/es-es.facebook.com\/policies\/cookies\">https:\/\/es-es.facebook.com\/policies\/cookies<\/a><\/p>\n<p>&nbsp;<\/p>\n<p><b>CONSENTIMIENTO<\/b><\/p>\n<p>Cuando entre por primera vez en nuestra web le aparecer\u00e1 un banner para que pueda acceder y conocer las cookies que utiliza nuestra web y, en su caso, consentir su uso. En caso de no aceptar las cookies, \u00fanicamente ser\u00e1n instaladas en su equipo las cookies Funcionales que son las estrictamente necesarias para el funcionamiento del Sitio Web o de las aplicaciones o servicios que utilice.<\/p>\n<p>&nbsp;<\/p>\n<p><b>DESHABILITAR Y BLOQUEAR COOKIES O RETIRAR MI CONSENTIMIENTO.<\/b><\/p>\n<p>En cualquier caso, le informamos de que, dado que las cookies no Funcionales, no son imprescindibles para el uso de nuestro Sitio Web, puede bloquearlas o deshabilitarlas, adem\u00e1s, activando la configuraci\u00f3n de su navegador que le permite rechazar la instalaci\u00f3n de todas las cookies o de algunas de ellas. La pr\u00e1ctica mayor\u00eda de los navegadores permiten advertir de la presencia de cookies o rechazarlas autom\u00e1ticamente. Si las rechaza podr\u00e1 seguir usando nuestro Sitio Web, aunque el uso de algunos de sus servicios podr\u00e1 ser limitado y por tanto su experiencia en nuestro Sitio Web menos satisfactoria. Para m\u00e1s informaci\u00f3n sobre la eliminaci\u00f3n, deshabilitaci\u00f3n o bloqueo de las cookies por favor visite:<\/p>\n<p><a href=\"http:\/\/www.aboutcookies.org\/Default.aspx?page=2\">http:\/\/www.aboutcookies.org\/Default.aspx?page=2<\/a><\/p>\n<p>&nbsp;<\/p>\n<p>Igualmente puede encontrar informaci\u00f3n sobre c\u00f3mo hacerlo en los siguientes enlaces dependiendo del navegador que utilice:<\/p>\n<div class=\"table-1\">\n<table style=\"width: 100%;\" width=\"100%\">\n<tbody>\n<tr>\n<td><\/td>\n<td><a href=\"https:\/\/support.mozilla.org\/es\/kb\/habilitar-y-deshabilitar-cookies-sitios-web-rastrear-preferencias\">https:\/\/support.mozilla.org\/es\/kb\/habilitar-y-deshabilitar-cookies-sitios-web-rastrear-preferencias<\/a><\/td>\n<\/tr>\n<tr>\n<td><\/td>\n<td><a href=\"http:\/\/support.google.com\/chrome\/bin\/answer.py?hl=es&amp;amp;answer=95647\">http:\/\/support.google.com\/chrome\/bin\/answer.py?hl=es&amp;answer=95647<\/a><\/td>\n<\/tr>\n<tr>\n<td><\/td>\n<td><a href=\"https:\/\/support.microsoft.com\/es-es\/topic\/eliminar-y-administrar-cookies-168dab11-0753-043d-7c16-ede5947fc64d\">https:\/\/support.microsoft.com\/es-es\/topic\/eliminar-y-administrar-cookies-168dab11-0753-043d-7c16-ede5947fc64d<\/a><\/td>\n<\/tr>\n<tr>\n<td><\/td>\n<td><a href=\"http:\/\/support.apple.com\/kb\/ph5042\">http:\/\/support.apple.com\/kb\/ph5042<\/a><\/td>\n<\/tr>\n<tr>\n<td><\/td>\n<td><a href=\"http:\/\/help.opera.com\/Windows\/11.50\/es-ES\/cookies.html\">http:\/\/help.opera.com\/Windows\/11.50\/es-ES\/cookies.html<\/a><\/td>\n<\/tr>\n<\/tbody>\n<\/table>\n<\/div>\n<p>&nbsp;<\/p>\n<p>Si lo desea puede ver los videos desarrollados por la Agencia Espa\u00f1ola de Protecci\u00f3n de Datos con la finalidad de explicar c\u00f3mo configurar las opciones de privacidad desde diferentes plataformas y equipos. <a href=\"https:\/\/www.aepd.es\/\">https:\/\/www.aepd.es\/<\/a><\/p>\n<p>&nbsp;<\/p>\n<p><b>CAMBIOS EN LA POL\u00cdTICA DE COOKIES<\/b><\/p>\n<p>Es posible que actualicemos la Pol\u00edtica de Cookies de nuestro Sitio Web, por ello le recomendamos revisar esta pol\u00edtica cada vez que acceda a nuestro Sitio Web con el objetivo de estar adecuadamente informado sobre c\u00f3mo y para qu\u00e9 usamos las cookies.<\/p>\n<p>La Pol\u00edtica de Cookies se actualiz\u00f3 por \u00faltima vez en <b>abril de 2021\u00a0<\/b><\/p>\n","protected":false},"excerpt":{"rendered":"<p>POL\u00cdTICA DE COOKIES El responsable del sitio web www.clinicadentalruizbusquets.es (el \u201cSitio Web\u201d) es MRB DENTAL PROFESIONAL, S.L.P que puede utilizar una tecnolog\u00eda denominada \u201ccookies\u201d con la finalidad de poder recabar informaci\u00f3n acerca del uso del Sitio Web. Le informamos de que podr\u00edamos utilizar cookies con la finalidad de facilitar su [&hellip;]<\/p>\n","protected":false},"author":3,"featured_media":0,"parent":0,"menu_order":0,"comment_status":"closed","ping_status":"closed","template":"","meta":{"footnotes":""},"class_list":["post-304","page","type-page","status-publish","hentry"],"yoast_head":"<!-- This site is optimized with the Yoast SEO plugin v23.8 - https:\/\/yoast.com\/wordpress\/plugins\/seo\/ -->\n<title>Pol\u00edtica de cookies - Cl\u00ednica dental Ruiz-Busquets<\/title>\n<meta name=\"robots\" content=\"index, follow, max-snippet:-1, max-image-preview:large, max-video-preview:-1\" \/>\n<link rel=\"canonical\" href=\"https:\/\/www.clinicadentalruizbusquets.es\/es\/politica-de-cookies\/?doing_wp_cron=1709412778.0251710414886474609375\" \/>\n<meta property=\"og:locale\" content=\"es_ES\" \/>\n<meta property=\"og:type\" content=\"article\" \/>\n<meta property=\"og:title\" content=\"Pol\u00edtica de cookies - Cl\u00ednica dental Ruiz-Busquets\" \/>\n<meta property=\"og:description\" content=\"POL\u00cdTICA DE COOKIES El responsable del sitio web www.clinicadentalruizbusquets.es (el \u201cSitio Web\u201d) es MRB DENTAL PROFESIONAL, S.L.P que puede utilizar una tecnolog\u00eda denominada \u201ccookies\u201d con la finalidad de poder recabar informaci\u00f3n acerca del uso del Sitio Web. Le informamos de que podr\u00edamos utilizar cookies con la finalidad de facilitar su [&hellip;]\" \/>\n<meta property=\"og:url\" content=\"https:\/\/www.clinicadentalruizbusquets.es\/es\/politica-de-cookies\/?doing_wp_cron=1709412778.0251710414886474609375\" \/>\n<meta property=\"og:site_name\" content=\"Cl\u00ednica dental Ruiz-Busquets\" \/>\n<meta property=\"article:modified_time\" content=\"2021-04-14T09:20:09+00:00\" \/>\n<meta name=\"twitter:card\" content=\"summary_large_image\" \/>\n<meta name=\"twitter:label1\" content=\"Tiempo de lectura\" \/>\n\t<meta name=\"twitter:data1\" content=\"7 minutos\" \/>\n<script type=\"application\/ld+json\" class=\"yoast-schema-graph\">{\"@context\":\"https:\/\/schema.org\",\"@graph\":[{\"@type\":\"WebPage\",\"@id\":\"https:\/\/www.clinicadentalruizbusquets.es\/es\/politica-de-cookies\/?doing_wp_cron=1709412778.0251710414886474609375\",\"url\":\"https:\/\/www.clinicadentalruizbusquets.es\/es\/politica-de-cookies\/?doing_wp_cron=1709412778.0251710414886474609375\",\"name\":\"Pol\u00edtica de cookies - Cl\u00ednica dental Ruiz-Busquets\",\"isPartOf\":{\"@id\":\"https:\/\/www.clinicadentalruizbusquets.es\/#website\"},\"datePublished\":\"2014-05-03T15:49:04+00:00\",\"dateModified\":\"2021-04-14T09:20:09+00:00\",\"breadcrumb\":{\"@id\":\"https:\/\/www.clinicadentalruizbusquets.es\/es\/politica-de-cookies\/?doing_wp_cron=1709412778.0251710414886474609375#breadcrumb\"},\"inLanguage\":\"es\",\"potentialAction\":[{\"@type\":\"ReadAction\",\"target\":[\"https:\/\/www.clinicadentalruizbusquets.es\/es\/politica-de-cookies\/?doing_wp_cron=1709412778.0251710414886474609375\"]}]},{\"@type\":\"BreadcrumbList\",\"@id\":\"https:\/\/www.clinicadentalruizbusquets.es\/es\/politica-de-cookies\/?doing_wp_cron=1709412778.0251710414886474609375#breadcrumb\",\"itemListElement\":[{\"@type\":\"ListItem\",\"position\":1,\"name\":\"Portada\",\"item\":\"https:\/\/www.clinicadentalruizbusquets.es\/es\/\"},{\"@type\":\"ListItem\",\"position\":2,\"name\":\"Pol\u00edtica de cookies\"}]},{\"@type\":\"WebSite\",\"@id\":\"https:\/\/www.clinicadentalruizbusquets.es\/#website\",\"url\":\"https:\/\/www.clinicadentalruizbusquets.es\/\",\"name\":\"Cl\u00ednica dental Ruiz-Busquets\",\"description\":\"Cl\u00ednica dental en Sant Andreu\",\"potentialAction\":[{\"@type\":\"SearchAction\",\"target\":{\"@type\":\"EntryPoint\",\"urlTemplate\":\"https:\/\/www.clinicadentalruizbusquets.es\/?s={search_term_string}\"},\"query-input\":{\"@type\":\"PropertyValueSpecification\",\"valueRequired\":true,\"valueName\":\"search_term_string\"}}],\"inLanguage\":\"es\"}]}<\/script>\n<!-- \/ Yoast SEO plugin. -->","yoast_head_json":{"title":"Pol\u00edtica de cookies - Cl\u00ednica dental Ruiz-Busquets","robots":{"index":"index","follow":"follow","max-snippet":"max-snippet:-1","max-image-preview":"max-image-preview:large","max-video-preview":"max-video-preview:-1"},"canonical":"https:\/\/www.clinicadentalruizbusquets.es\/es\/politica-de-cookies\/?doing_wp_cron=1709412778.0251710414886474609375","og_locale":"es_ES","og_type":"article","og_title":"Pol\u00edtica de cookies - Cl\u00ednica dental Ruiz-Busquets","og_description":"POL\u00cdTICA DE COOKIES El responsable del sitio web www.clinicadentalruizbusquets.es (el \u201cSitio Web\u201d) es MRB DENTAL PROFESIONAL, S.L.P que puede utilizar una tecnolog\u00eda denominada \u201ccookies\u201d con la finalidad de poder recabar informaci\u00f3n acerca del uso del Sitio Web. Le informamos de que podr\u00edamos utilizar cookies con la finalidad de facilitar su [&hellip;]","og_url":"https:\/\/www.clinicadentalruizbusquets.es\/es\/politica-de-cookies\/?doing_wp_cron=1709412778.0251710414886474609375","og_site_name":"Cl\u00ednica dental Ruiz-Busquets","article_modified_time":"2021-04-14T09:20:09+00:00","twitter_card":"summary_large_image","twitter_misc":{"Tiempo de lectura":"7 minutos"},"schema":{"@context":"https:\/\/schema.org","@graph":[{"@type":"WebPage","@id":"https:\/\/www.clinicadentalruizbusquets.es\/es\/politica-de-cookies\/?doing_wp_cron=1709412778.0251710414886474609375","url":"https:\/\/www.clinicadentalruizbusquets.es\/es\/politica-de-cookies\/?doing_wp_cron=1709412778.0251710414886474609375","name":"Pol\u00edtica de cookies - Cl\u00ednica dental Ruiz-Busquets","isPartOf":{"@id":"https:\/\/www.clinicadentalruizbusquets.es\/#website"},"datePublished":"2014-05-03T15:49:04+00:00","dateModified":"2021-04-14T09:20:09+00:00","breadcrumb":{"@id":"https:\/\/www.clinicadentalruizbusquets.es\/es\/politica-de-cookies\/?doing_wp_cron=1709412778.0251710414886474609375#breadcrumb"},"inLanguage":"es","potentialAction":[{"@type":"ReadAction","target":["https:\/\/www.clinicadentalruizbusquets.es\/es\/politica-de-cookies\/?doing_wp_cron=1709412778.0251710414886474609375"]}]},{"@type":"BreadcrumbList","@id":"https:\/\/www.clinicadentalruizbusquets.es\/es\/politica-de-cookies\/?doing_wp_cron=1709412778.0251710414886474609375#breadcrumb","itemListElement":[{"@type":"ListItem","position":1,"name":"Portada","item":"https:\/\/www.clinicadentalruizbusquets.es\/es\/"},{"@type":"ListItem","position":2,"name":"Pol\u00edtica de cookies"}]},{"@type":"WebSite","@id":"https:\/\/www.clinicadentalruizbusquets.es\/#website","url":"https:\/\/www.clinicadentalruizbusquets.es\/","name":"Cl\u00ednica dental Ruiz-Busquets","description":"Cl\u00ednica dental en Sant Andreu","potentialAction":[{"@type":"SearchAction","target":{"@type":"EntryPoint","urlTemplate":"https:\/\/www.clinicadentalruizbusquets.es\/?s={search_term_string}"},"query-input":{"@type":"PropertyValueSpecification","valueRequired":true,"valueName":"search_term_string"}}],"inLanguage":"es"}]}},"_links":{"self":[{"href":"https:\/\/www.clinicadentalruizbusquets.es\/es\/wp-json\/wp\/v2\/pages\/304","targetHints":{"allow":["GET"]}}],"collection":[{"href":"https:\/\/www.clinicadentalruizbusquets.es\/es\/wp-json\/wp\/v2\/pages"}],"about":[{"href":"https:\/\/www.clinicadentalruizbusquets.es\/es\/wp-json\/wp\/v2\/types\/page"}],"author":[{"embeddable":true,"href":"https:\/\/www.clinicadentalruizbusquets.es\/es\/wp-json\/wp\/v2\/users\/3"}],"replies":[{"embeddable":true,"href":"https:\/\/www.clinicadentalruizbusquets.es\/es\/wp-json\/wp\/v2\/comments?post=304"}],"version-history":[{"count":0,"href":"https:\/\/www.clinicadentalruizbusquets.es\/es\/wp-json\/wp\/v2\/pages\/304\/revisions"}],"wp:attachment":[{"href":"https:\/\/www.clinicadentalruizbusquets.es\/es\/wp-json\/wp\/v2\/media?parent=304"}],"curies":[{"name":"wp","href":"https:\/\/api.w.org\/{rel}","templated":true}]}}