{"id":1300,"date":"2021-04-14T09:15:16","date_gmt":"2021-04-14T09:15:16","guid":{"rendered":"https:\/\/clinicadentalruizbusquets.es\/?page_id=1300"},"modified":"2021-04-14T09:15:39","modified_gmt":"2021-04-14T09:15:39","slug":"condiciones-de-uso-de-la-web","status":"publish","type":"page","link":"https:\/\/www.clinicadentalruizbusquets.es\/es\/condiciones-de-uso-de-la-web\/","title":{"rendered":"Condiciones de uso de la web"},"content":{"rendered":"<ol>\n<li><b> ALCANCE:<\/b><\/li>\n<\/ol>\n<p>Estas Condiciones de Uso de la Web establecen las condiciones generales que regulan tanto el acceso, como la navegaci\u00f3n, as\u00ed como el uso de los contenidos de la presente web.<\/p>\n<p>La informaci\u00f3n contenida en esta p\u00e1gina web hace referencia a los servicios y tratamientos por MRB DENTAL PROFESIONAL, S.L.P a trav\u00e9s de la Cl\u00ednica Dental Ruiz Busquets (en adelante La Cl\u00ednica). Esta informaci\u00f3n s\u00f3lo es a efectos enunciativos y en modo alguno constituye una oferta vinculante que obligue al usuario a contratar nuestros servicios o tratamientos. La Cl\u00ednica se reserva el derecho de modificar la informaci\u00f3n aqu\u00ed contenida cuando lo estime conveniente y sin previo aviso, no siendo responsable de la exactitud, insuficiencia o autenticidad de la informaci\u00f3n suministrada.<\/p>\n<p>A su vez, se reserva el derecho a modificar el contenido del presente documento de uso de la web. Por tanto, el Usuario debe leer atentamente este documento en cada una de las ocasiones en que se proponga utilizar el sitio Web, ya que \u00e9ste y sus condiciones de uso recogidas en el presente Uso de la Web pueden sufrir modificaciones<\/p>\n<p>La prestaci\u00f3n del servicio de este sitio Web tiene una duraci\u00f3n limitada al momento en el que el Usuario se encuentre conectado al sitio Web o a alguno de los servicios que a trav\u00e9s de este se facilitan.<\/p>\n<ol start=\"2\">\n<li><b>CONDICIONES DEL USO DE LA WEB:<\/b><\/li>\n<\/ol>\n<p>Con el simple acceso, la navegaci\u00f3n o la utilizaci\u00f3n de la p\u00e1gina web, se tiene la condici\u00f3n de usuario. El usuario acepta de forma plena y sin ning\u00fan tipo de reserva las condiciones contenidas en el presente aviso legal.<\/p>\n<p>El usuario se compromete a utilizar el sitio web junto con sus servicios y contenidos, de forma l\u00edcita, de acuerdo con la legislaci\u00f3n vigente, los usos generalmente aceptados, la buena fe y el orden p\u00fablico.<\/p>\n<p>El usuario se compromete a no realizar acciones que puedan causar da\u00f1os a la p\u00e1gina web, inutiliz\u00e1ndola, sobrecarg\u00e1ndola o deterior\u00e1ndola de cualquier manera, o impidiendo a los dem\u00e1s usuarios el libre acceso, utilizaci\u00f3n o disfrute de la p\u00e1gina web.<\/p>\n<ol start=\"3\">\n<li><b>PROPIEDAD INTELECTUAL Y USO DE CONTENIDOS:<\/b><\/li>\n<\/ol>\n<p>La Cl\u00ednica es titular de los derechos de propiedad intelectual e industrial de esta p\u00e1gina web y de todos sus contenidos (a t\u00edtulo meramente enunciativo: logotipos, textos, fotograf\u00edas y dem\u00e1s contenidos audiovisuales, software, dise\u00f1o gr\u00e1fico, etc.) o cuenta con la correspondiente licencia o autorizaci\u00f3n para su uso. El acceso a la navegaci\u00f3n por y el uso de este sitio web por parte del usuario no implican en ning\u00fan caso renuncia, transmisi\u00f3n, licencia ni cesi\u00f3n total o parcial de aqu\u00e9llos.<\/p>\n<p>Queda prohibido reproducir, modificar, reutilizar, explotar, comunicar p\u00fablicamente, cargar archivos, enviar por correo, transmitir, usar, tratar o distribuir de cualquier forma la totalidad o parte de los contenidos incluidos en esta p\u00e1gina web para prop\u00f3sitos p\u00fablicos o comerciales, si no se cuenta con la autorizaci\u00f3n expresa y por escrito de La Cl\u00ednica.<\/p>\n<ol start=\"4\">\n<li><b>ENLACES<\/b><b> <\/b><\/li>\n<\/ol>\n<p><b>4.1.\u00a0ENLACES A OTRAS P\u00c1GINAS WEB EXTERNAS:<\/b><\/p>\n<p>La Cl\u00ednica rechaza toda responsabilidad sobre toda informaci\u00f3n presente en la World Wide Web no elaborada por La Cl\u00ednica o no publicada bajo su nombre. La p\u00e1gina web puede contener enlaces de hipertexto hacia otras p\u00e1ginas de la World Wide Web que son completamente\u00a0independientes de esta p\u00e1gina web. la Cl\u00ednica. no responder\u00e1 o garantizar\u00e1, en modo alguno, la exactitud, insuficiencia o autenticidad de la informaci\u00f3n suministrada\u00a0por cualquier persona o entidad, f\u00edsica o jur\u00eddica, con o sin personalidad jur\u00eddica propia, a trav\u00e9s de dichos enlaces de hipertexto.<\/p>\n<p><b>4.2. ENLACES EXTERNOS CON DESTINO A LA P\u00c1GINA WEB\u00a0<\/b><\/p>\n<p>Si cualquier otro sitio web, usuario o entidad, deseara establecer un enlace con destino a <a href=\"http:\/\/www.clinicadentalruizbusquets.es\">www.clinicadentalruizbusquets.es<\/a> este enlace deber\u00e1 someterse a las condiciones que a continuaci\u00f3n se detallan:<\/p>\n<ol>\n<li aria-level=\"1\">El enlace ir\u00e1 dirigido a la p\u00e1gina principal o a cualquiera de sus secciones. El enlace, en cualquier caso, debe ser absoluto y completo llevando al usuario con un solo clic a la URL de la p\u00e1gina principal o a la URL de cualquiera de sus secciones. El enlace deber\u00e1 abarcar toda la extensi\u00f3n de pantalla del portal de <a href=\"http:\/\/www.clinicadentalruizbusquets.es\">www.clinicadentalruizbusquets.es<\/a><\/li>\n<li aria-level=\"1\">En ning\u00fan caso, salvo expresa autorizaci\u00f3n por escrito por parte de La Cl\u00ednica, el sitio web que establece el enlace podr\u00e1 reproducir de cualquier manera <a href=\"http:\/\/www.clinicadentalruizbusquets.es\">www.clinicadentalruizbusquets.es<\/a> incluy\u00e9ndolo como parte integrante de su web, utilizando marcos, redireccionamientos o cualquier otra medida que suponga ocultar el origen de la informaci\u00f3n.<\/li>\n<li aria-level=\"1\">No se autoriza el establecimiento de enlace a <a href=\"http:\/\/www.clinicadentalruizbusquets.es\">www.clinicadentalruizbusquets.es<\/a> desde sitios web que contengan contenidos il\u00edcitos, ilegales, degradantes u obscenos, contraviniendo la moral o el orden p\u00fablico.<\/li>\n<\/ol>\n<p>El servicio de acceso al sitio Web incluye dispositivos t\u00e9cnicos de enlace, directorios e incluso instrumentos de b\u00fasqueda que permiten al Usuario acceder a otras p\u00e1ginas y portales de Internet (en adelante, &#8216;Sitios Enlazados&#8217;). En estos casos, La Cl\u00ednica<b>.<\/b> act\u00faa como prestador de servicios de intermediaci\u00f3n de conformidad con la Ley de Servicios de la Sociedad de la Informaci\u00f3n y Comercio electr\u00f3nico y s\u00f3lo ser\u00e1 responsable de los contenidos y servicios suministrados en los Sitios Enlazados en la medida en que tenga conocimiento efectivo de la ilicitud y no haya desactivado el enlace con la diligencia debida. En el supuesto de que el Usuario considere que existe un Sitio Enlazado con contenidos il\u00edcitos o inadecuados podr\u00e1 comunic\u00e1rselo a La Cl\u00ednica<b>.<\/b> enviando un mensaje a <a href=\"mailto:info@clinicadentalruizbusquets.es\">info@clinicadentalruizbusquets.es<\/a> sin que en ning\u00fan caso esta comunicaci\u00f3n conlleve la obligaci\u00f3n de retirar el correspondiente enlace.<\/p>\n<p>En ning\u00fan caso, la existencia de Sitios Enlazados debe presuponer la existencia de acuerdos con los responsables o titulares de estos, ni la recomendaci\u00f3n, promoci\u00f3n o identificaci\u00f3n de La Cl\u00ednica con las manifestaciones, contenidos o servicios prove\u00eddos.<\/p>\n<p><b>L<\/b>a Cl\u00ednica no conoce los contenidos y servicios de los Sitios Enlazados y por tanto no se hace responsable por los da\u00f1os producidos por la ilicitud, calidad, desactualizaci\u00f3n, indisponibilidad, error e inutilidad de los contenidos y\/o servicios de los Sitios Enlazados ni por cualquier otro da\u00f1o que no sea directamente imputable a La Cl\u00ednica<\/p>\n<ol start=\"5\">\n<li><b>EXCLUSI\u00d3N DE RESPONSABILIDAD:\u00a0<\/b><\/li>\n<\/ol>\n<p>La responsabilidad en el uso de este Sitio Web corresponde de forma \u00fanica y exclusiva al Usuario.<\/p>\n<p>La Cl\u00ednica no se hace responsable, en ning\u00fan caso, de los da\u00f1os y perjuicios de cualquier naturaleza que pudieran causarse por:<\/p>\n<ol>\n<li>La no disponibilidad, mantenimiento y funcionamiento del Sitio web o de sus servicios o contenidos, ya que requiere de suministros y servicios de terceros.<\/li>\n<li>Los errores y omisiones en la informaci\u00f3n publicada, as\u00ed como la falta de utilidad, adecuaci\u00f3n o validez del sitio web o de sus servicios o contenidos para satisfacer necesidades, actividades o resultados concretos o expectativas de los Usuarios.<\/li>\n<\/ol>\n<p>El acceso al Portal no implica la obligaci\u00f3n por parte de La Cl\u00ednica de controlar la ausencia de virus o cualquier otro elemento inform\u00e1tico da\u00f1ino. Corresponde al Usuario, en todo caso, la disponibilidad de herramientas adecuadas para la detecci\u00f3n y desinfecci\u00f3n de programas inform\u00e1ticos da\u00f1inos. La Cl\u00ednica no se responsabiliza de los da\u00f1os producidos en los equipos inform\u00e1ticos de los Usuarios o de terceros durante el uso del sitio WEB.<\/p>\n<ol start=\"6\">\n<li><b> LEGISLACI\u00d3N Y JURISDICCI\u00d3N<\/b><\/li>\n<\/ol>\n<p>Las Condiciones de uso de la web se rigen en todos y cada uno de sus extremos por la ley espa\u00f1ola y el Reglamento General de Protecci\u00f3n de Datos de la Uni\u00f3n Europea. Cualquier disputa que surja de asuntos relacionados con este sitio Web estar\u00e1 sujeta exclusivamente a la jurisdicci\u00f3n de los tribunales de la ciudad de Barcelona.<\/p>\n<ol start=\"7\">\n<li><b> ACTUALIZACI\u00d3N<\/b><\/li>\n<\/ol>\n<p>El documento se ha revisado por \u00faltima vez en <b>abril de 2021.<\/b><b>\u00a0<\/b><\/p>\n","protected":false},"excerpt":{"rendered":"<p>ALCANCE: Estas Condiciones de Uso de la Web establecen las condiciones generales que regulan tanto el acceso, como la navegaci\u00f3n, as\u00ed como el uso de los contenidos de la presente web. La informaci\u00f3n contenida en esta p\u00e1gina web hace referencia a los servicios y tratamientos por MRB DENTAL PROFESIONAL, S.L.P [&hellip;]<\/p>\n","protected":false},"author":3,"featured_media":0,"parent":0,"menu_order":0,"comment_status":"closed","ping_status":"closed","template":"","meta":{"footnotes":""},"class_list":["post-1300","page","type-page","status-publish","hentry"],"yoast_head":"<!-- This site is optimized with the Yoast SEO plugin v23.8 - https:\/\/yoast.com\/wordpress\/plugins\/seo\/ -->\n<title>Condiciones de uso de la web - Cl\u00ednica dental Ruiz-Busquets<\/title>\n<meta name=\"robots\" content=\"index, follow, max-snippet:-1, max-image-preview:large, max-video-preview:-1\" \/>\n<link rel=\"canonical\" href=\"https:\/\/www.clinicadentalruizbusquets.es\/es\/condiciones-de-uso-de-la-web\/?doing_wp_cron=1709413557.9191460609436035156250\" \/>\n<meta property=\"og:locale\" content=\"es_ES\" \/>\n<meta property=\"og:type\" content=\"article\" \/>\n<meta property=\"og:title\" content=\"Condiciones de uso de la web - Cl\u00ednica dental Ruiz-Busquets\" \/>\n<meta property=\"og:description\" content=\"ALCANCE: Estas Condiciones de Uso de la Web establecen las condiciones generales que regulan tanto el acceso, como la navegaci\u00f3n, as\u00ed como el uso de los contenidos de la presente web. La informaci\u00f3n contenida en esta p\u00e1gina web hace referencia a los servicios y tratamientos por MRB DENTAL PROFESIONAL, S.L.P [&hellip;]\" \/>\n<meta property=\"og:url\" content=\"https:\/\/www.clinicadentalruizbusquets.es\/es\/condiciones-de-uso-de-la-web\/?doing_wp_cron=1709413557.9191460609436035156250\" \/>\n<meta property=\"og:site_name\" content=\"Cl\u00ednica dental Ruiz-Busquets\" \/>\n<meta property=\"article:modified_time\" content=\"2021-04-14T09:15:39+00:00\" \/>\n<meta name=\"twitter:card\" content=\"summary_large_image\" \/>\n<meta name=\"twitter:label1\" content=\"Tiempo de lectura\" \/>\n\t<meta name=\"twitter:data1\" content=\"6 minutos\" \/>\n<script type=\"application\/ld+json\" class=\"yoast-schema-graph\">{\"@context\":\"https:\/\/schema.org\",\"@graph\":[{\"@type\":\"WebPage\",\"@id\":\"https:\/\/www.clinicadentalruizbusquets.es\/es\/condiciones-de-uso-de-la-web\/?doing_wp_cron=1709413557.9191460609436035156250\",\"url\":\"https:\/\/www.clinicadentalruizbusquets.es\/es\/condiciones-de-uso-de-la-web\/?doing_wp_cron=1709413557.9191460609436035156250\",\"name\":\"Condiciones de uso de la web - Cl\u00ednica dental Ruiz-Busquets\",\"isPartOf\":{\"@id\":\"https:\/\/www.clinicadentalruizbusquets.es\/#website\"},\"datePublished\":\"2021-04-14T09:15:16+00:00\",\"dateModified\":\"2021-04-14T09:15:39+00:00\",\"breadcrumb\":{\"@id\":\"https:\/\/www.clinicadentalruizbusquets.es\/es\/condiciones-de-uso-de-la-web\/?doing_wp_cron=1709413557.9191460609436035156250#breadcrumb\"},\"inLanguage\":\"es\",\"potentialAction\":[{\"@type\":\"ReadAction\",\"target\":[\"https:\/\/www.clinicadentalruizbusquets.es\/es\/condiciones-de-uso-de-la-web\/?doing_wp_cron=1709413557.9191460609436035156250\"]}]},{\"@type\":\"BreadcrumbList\",\"@id\":\"https:\/\/www.clinicadentalruizbusquets.es\/es\/condiciones-de-uso-de-la-web\/?doing_wp_cron=1709413557.9191460609436035156250#breadcrumb\",\"itemListElement\":[{\"@type\":\"ListItem\",\"position\":1,\"name\":\"Portada\",\"item\":\"https:\/\/www.clinicadentalruizbusquets.es\/es\/\"},{\"@type\":\"ListItem\",\"position\":2,\"name\":\"Condiciones de uso de la web\"}]},{\"@type\":\"WebSite\",\"@id\":\"https:\/\/www.clinicadentalruizbusquets.es\/#website\",\"url\":\"https:\/\/www.clinicadentalruizbusquets.es\/\",\"name\":\"Cl\u00ednica dental Ruiz-Busquets\",\"description\":\"Cl\u00ednica dental en Sant Andreu\",\"potentialAction\":[{\"@type\":\"SearchAction\",\"target\":{\"@type\":\"EntryPoint\",\"urlTemplate\":\"https:\/\/www.clinicadentalruizbusquets.es\/?s={search_term_string}\"},\"query-input\":{\"@type\":\"PropertyValueSpecification\",\"valueRequired\":true,\"valueName\":\"search_term_string\"}}],\"inLanguage\":\"es\"}]}<\/script>\n<!-- \/ Yoast SEO plugin. -->","yoast_head_json":{"title":"Condiciones de uso de la web - Cl\u00ednica dental Ruiz-Busquets","robots":{"index":"index","follow":"follow","max-snippet":"max-snippet:-1","max-image-preview":"max-image-preview:large","max-video-preview":"max-video-preview:-1"},"canonical":"https:\/\/www.clinicadentalruizbusquets.es\/es\/condiciones-de-uso-de-la-web\/?doing_wp_cron=1709413557.9191460609436035156250","og_locale":"es_ES","og_type":"article","og_title":"Condiciones de uso de la web - Cl\u00ednica dental Ruiz-Busquets","og_description":"ALCANCE: Estas Condiciones de Uso de la Web establecen las condiciones generales que regulan tanto el acceso, como la navegaci\u00f3n, as\u00ed como el uso de los contenidos de la presente web. La informaci\u00f3n contenida en esta p\u00e1gina web hace referencia a los servicios y tratamientos por MRB DENTAL PROFESIONAL, S.L.P [&hellip;]","og_url":"https:\/\/www.clinicadentalruizbusquets.es\/es\/condiciones-de-uso-de-la-web\/?doing_wp_cron=1709413557.9191460609436035156250","og_site_name":"Cl\u00ednica dental Ruiz-Busquets","article_modified_time":"2021-04-14T09:15:39+00:00","twitter_card":"summary_large_image","twitter_misc":{"Tiempo de lectura":"6 minutos"},"schema":{"@context":"https:\/\/schema.org","@graph":[{"@type":"WebPage","@id":"https:\/\/www.clinicadentalruizbusquets.es\/es\/condiciones-de-uso-de-la-web\/?doing_wp_cron=1709413557.9191460609436035156250","url":"https:\/\/www.clinicadentalruizbusquets.es\/es\/condiciones-de-uso-de-la-web\/?doing_wp_cron=1709413557.9191460609436035156250","name":"Condiciones de uso de la web - Cl\u00ednica dental Ruiz-Busquets","isPartOf":{"@id":"https:\/\/www.clinicadentalruizbusquets.es\/#website"},"datePublished":"2021-04-14T09:15:16+00:00","dateModified":"2021-04-14T09:15:39+00:00","breadcrumb":{"@id":"https:\/\/www.clinicadentalruizbusquets.es\/es\/condiciones-de-uso-de-la-web\/?doing_wp_cron=1709413557.9191460609436035156250#breadcrumb"},"inLanguage":"es","potentialAction":[{"@type":"ReadAction","target":["https:\/\/www.clinicadentalruizbusquets.es\/es\/condiciones-de-uso-de-la-web\/?doing_wp_cron=1709413557.9191460609436035156250"]}]},{"@type":"BreadcrumbList","@id":"https:\/\/www.clinicadentalruizbusquets.es\/es\/condiciones-de-uso-de-la-web\/?doing_wp_cron=1709413557.9191460609436035156250#breadcrumb","itemListElement":[{"@type":"ListItem","position":1,"name":"Portada","item":"https:\/\/www.clinicadentalruizbusquets.es\/es\/"},{"@type":"ListItem","position":2,"name":"Condiciones de uso de la web"}]},{"@type":"WebSite","@id":"https:\/\/www.clinicadentalruizbusquets.es\/#website","url":"https:\/\/www.clinicadentalruizbusquets.es\/","name":"Cl\u00ednica dental Ruiz-Busquets","description":"Cl\u00ednica dental en Sant Andreu","potentialAction":[{"@type":"SearchAction","target":{"@type":"EntryPoint","urlTemplate":"https:\/\/www.clinicadentalruizbusquets.es\/?s={search_term_string}"},"query-input":{"@type":"PropertyValueSpecification","valueRequired":true,"valueName":"search_term_string"}}],"inLanguage":"es"}]}},"_links":{"self":[{"href":"https:\/\/www.clinicadentalruizbusquets.es\/es\/wp-json\/wp\/v2\/pages\/1300","targetHints":{"allow":["GET"]}}],"collection":[{"href":"https:\/\/www.clinicadentalruizbusquets.es\/es\/wp-json\/wp\/v2\/pages"}],"about":[{"href":"https:\/\/www.clinicadentalruizbusquets.es\/es\/wp-json\/wp\/v2\/types\/page"}],"author":[{"embeddable":true,"href":"https:\/\/www.clinicadentalruizbusquets.es\/es\/wp-json\/wp\/v2\/users\/3"}],"replies":[{"embeddable":true,"href":"https:\/\/www.clinicadentalruizbusquets.es\/es\/wp-json\/wp\/v2\/comments?post=1300"}],"version-history":[{"count":0,"href":"https:\/\/www.clinicadentalruizbusquets.es\/es\/wp-json\/wp\/v2\/pages\/1300\/revisions"}],"wp:attachment":[{"href":"https:\/\/www.clinicadentalruizbusquets.es\/es\/wp-json\/wp\/v2\/media?parent=1300"}],"curies":[{"name":"wp","href":"https:\/\/api.w.org\/{rel}","templated":true}]}}